{"id":2,"date":"2022-12-12T07:58:57","date_gmt":"2022-12-12T06:58:57","guid":{"rendered":"https:\/\/gkimmo.at\/?page_id=2"},"modified":"2024-02-01T08:48:08","modified_gmt":"2024-02-01T07:48:08","slug":"home","status":"publish","type":"page","link":"https:\/\/gkimmo.at\/en\/","title":{"rendered":"Home"},"content":{"rendered":"<h2>\n\t\tA dream comes true. <br \/>A luxury property with a leisure residence near the lake in one of the most beautiful places in Austria,<br \/> at Lake Weissensee in K\u00e4rnten\n\t<\/h2>\n\t<h4>Crystal-clear water, turquoise beaches like in the Caribbean, one of the highest bathing lakes in Austria in the middle of the Gailtal Alps. Swimming, hiking and cycling are just some of the things you can enjoy in this beautiful setting.<\/h4>\n<h4>In winter, skiing, ice skating and cross-country skiing are added to this unique area.<\/h4>\n<h4>The property is located on the west bank in the district of Praditz. Nestled in the forest at the foot of the white wall, in a quiet and idyllic location.<\/h4>\n<h2>\n\t\tLocation\n\t<\/h2>\n\t<iframe src=\"https:\/\/www.google.com\/maps\/embed\/v1\/place?q=Oberdorf+58%2C+9762+Oberdorf&#038;key=AIzaSyD09zQ9PNDNNy9TadMuzRV_UsPUoWKntt8\" aria-hidden=\"true\"><\/iframe>\n\t<h4><strong>For sale are two chalets with a living area of chalet 1 112.83m2 + carport 37m2 and 651m2 of land.<br \/>\nChalet 2, 112,83m2 + Carport 37m2 und 530m2 Grundst\u00fccksfl\u00e4che. Die Zufahrt l\u00e4uft \u00fcber das Haupthaus zu den beiden Chalets.<\/strong><\/h4>\n<h4>There are also 3 apartments for sale in the main building. TOP 1 + TOP 2 on the ground floor, each with 98.79<strong>m2 <\/strong>Living space, garden and 2 underground parking spaces. TOP 3 Penthouse apartment on the upper floor with a living area of 119.84m2, terrace and 2 underground parking spaces.<\/h4>\n<h4><strong>Die Geb\u00e4ude werden in h\u00f6chster Qualit\u00e4t nach den derzeitigen Normen hergestellt. Energie f\u00fcr Strom und Warmwasser wird umweltschonend durch eine Luft &#8211; W\u00e4rmepumpe hergestellt. Die Fassaden im EG werden mit Stein veredelt, die Obergeschosse sowie die Sichtdachst\u00fchle werden aus Altholz gefertigt, Terrassen werden mit Naturstein belegt. Kamine, hochwertige Holzb\u00f6den und Steinbel\u00e4ge runden im inneren das Wohlf\u00fchlambiente ab. Die komplette Zufahrt zu den H\u00e4usern, sowie die Carports werden mit Stein verlegt.<\/strong><\/h4>\n<p>\u00a0<\/p>\n<h2>\n\t\tVisualization\n\t<\/h2>\n\t\t\t\t<a href=\"https:\/\/gkimmo.at\/wp-content\/uploads\/2024\/02\/Gesamt-Sommer-web.jpg\" target=\"_self\" itemprop=\"url\" rel=\"noopener\">\n\t\t\t\t<img loading=\"lazy\" decoding=\"async\" src=\"https:\/\/gkimmo.at\/wp-content\/uploads\/2024\/02\/Gesamt-Sommer-web.jpg\" alt=\"Gesamt Sommer web\" itemprop=\"image\" height=\"500\" width=\"2000\" title=\"Gesamt Sommer web\" onerror=\"this.style.display='none'\"  \/>\n\t\t\t\t<\/a>\n\t\t\t\t<a href=\"https:\/\/gkimmo.at\/wp-content\/uploads\/2024\/02\/Gesamt-Winter-web.jpg\" target=\"_self\" itemprop=\"url\" rel=\"noopener\">\n\t\t\t\t<img loading=\"lazy\" decoding=\"async\" src=\"https:\/\/gkimmo.at\/wp-content\/uploads\/2024\/02\/Gesamt-Winter-web.jpg\" alt=\"Gesamt Winter web\" itemprop=\"image\" height=\"750\" width=\"2000\" title=\"Gesamt Winter web\" onerror=\"this.style.display='none'\"  \/>\n\t\t\t\t<\/a>\n\t\t\t\t<a href=\"https:\/\/gkimmo.at\/wp-content\/uploads\/2024\/01\/Chalet-1_22.12.23-scaled.jpg\" target=\"_blank\" rel=\"noopener\" itemprop=\"url\">\n\t\t\t\t<img loading=\"lazy\" decoding=\"async\" src=\"https:\/\/gkimmo.at\/wp-content\/uploads\/2023\/12\/WhatsApp-Image-2023-12-19-at-08.21.24.jpeg\" alt=\"WhatsApp Image 2023-12-19 at 08.21.24\" itemprop=\"image\" height=\"576\" width=\"1024\" title=\"WhatsApp Image 2023-12-19 at 08.21.24\" onerror=\"this.style.display='none'\"  \/>\n\t\t\t\t<\/a>\n<h3><a href=\"https:\/\/gkimmo.at\/wp-content\/uploads\/2024\/01\/Chalet-1_22.12.23-scaled.jpg\" target=\"_blank\" rel=\"noopener\">Sales floor plan CHALET 1<\/a><\/h3><a href=\"https:\/\/gkimmo.at\/wp-content\/uploads\/2024\/01\/Chalet-1_22.12.23-scaled.jpg\" rel=\"noopener\" target=\"_blank\">Chalet 1 ansehen &#8230;&#8230;<\/a>\t\n\t\t\t\t<a href=\"https:\/\/gkimmo.at\/wp-content\/uploads\/2024\/01\/Chalet-2_22.12.23-scaled.jpg\" target=\"_blank\" rel=\"noopener\" itemprop=\"url\">\n\t\t\t\t<img loading=\"lazy\" decoding=\"async\" src=\"https:\/\/gkimmo.at\/wp-content\/uploads\/2023\/12\/WhatsApp-Image-2023-12-19-at-08.21.25.jpeg\" alt=\"WhatsApp Image 2023-12-19 at 08.21.25\" itemprop=\"image\" height=\"576\" width=\"1024\" title=\"WhatsApp Image 2023-12-19 at 08.21.25\" onerror=\"this.style.display='none'\"  \/>\n\t\t\t\t<\/a>\n<h3><a href=\"https:\/\/gkimmo.at\/wp-content\/uploads\/2024\/01\/Chalet-2_22.12.23-scaled.jpg\" target=\"_blank\" rel=\"noopener\">Sales floor plan CHALET 2<\/a><\/h3><a href=\"https:\/\/gkimmo.at\/wp-content\/uploads\/2024\/01\/Chalet-2_22.12.23-scaled.jpg\" rel=\"noopener\" target=\"_blank\">Chalet 2 ansehen &#8230;&#8230;<\/a>\t\n\t\t\t\t<img loading=\"lazy\" decoding=\"async\" src=\"https:\/\/gkimmo.at\/wp-content\/uploads\/2023\/12\/WhatsApp-Image-2023-12-19-at-08.21.18.jpeg\" alt=\"WhatsApp Image 2023-12-19 at 08.21.18\" itemprop=\"image\" height=\"576\" width=\"1024\" title=\"WhatsApp Image 2023-12-19 at 08.21.18\" onerror=\"this.style.display='none'\"  \/>\n<h3>Verkaufsgrundriss Haupthaus TOP 1 &#8211; 3<\/h3><a href=\"https:\/\/gkimmo.at\/wp-content\/uploads\/2024\/01\/TOP-1_22.12.23-scaled.jpg\" target=\"_blank\" rel=\"noopener\"><strong>View Top 1<\/strong><\/a><br \/>\n<a href=\"https:\/\/gkimmo.at\/wp-content\/uploads\/2024\/01\/TOP-2_22.12.23-scaled.jpg\" target=\"_blank\" rel=\"noopener\"><strong>View Top 2<\/strong><\/a><br \/>\n<a href=\"https:\/\/gkimmo.at\/wp-content\/uploads\/2024\/01\/TOP-3_22.12.23-scaled.jpg\" target=\"_blank\" rel=\"noopener\"><strong>View Top 2<\/strong><\/a>\n\t\t\t<a href=\"mailto:info@gkimmo.at\" target=\"_blank\" rel=\"noopener\">\n\t\t\t\t\t\tRequest by email\n\t\t\t\t\t<\/a>\n<h2>\n\t\tAbout us\n\t<\/h2>\n\t<h4>We are a family that has been working in the construction industry for 30 years and continue to do so with passion. We have gained a lot of experience over the years and will incorporate this into our projects.<\/h4>\n<p>&nbsp;<\/p>\n<h4>Contact<\/h4>\n<h4>G\u00fcnter Kogler<br \/>\nGesch\u00e4ftsf\u00fchrer<\/h4>\n<h4><a href=\"mailto:info@gkimmo.at\">info@gkimmo.at<\/a><\/h4>\n<p><a href=\"https:\/\/gkimmo.at\/en\/\">www.gkimmo.at<\/a><\/p>\n<h4>+436643854453<\/h4>\n<p>&nbsp;<\/p>\n<p>&nbsp;<\/p>\n<p>\u00a0<\/p>\n\t\t\t\t<img loading=\"lazy\" decoding=\"async\" src=\"https:\/\/gkimmo.at\/wp-content\/uploads\/2022\/12\/Logo-GKimmo.jpg\" alt=\"Logo GKimmo\" itemprop=\"image\" height=\"768\" width=\"768\" title=\"Logo GKimmo\" onerror=\"this.style.display='none'\"  \/>","protected":false},"excerpt":{"rendered":"<p>Ein Traum wird wahr! Eine Luxusimmobilie mit Freizeitwohnsitz in Seen\u00e4he und das an einem der sch\u00f6nsten Pl\u00e4tze \u00d6sterreichs, am Weissensee in K\u00e4rnten. Glasklares Wasser, t\u00fcrkise Str\u00e4nde wie in der Karibik, einer der h\u00f6chstgelegen Badeseen \u00d6sterreichs inmitten der Gailtaler Alpen. Baden, Wandern und Radfahren sind nur einige Dinge, die man in dieser herrlichen Umgebung genie\u00dfen kann.&hellip;<\/p>","protected":false},"author":1,"featured_media":0,"parent":0,"menu_order":0,"comment_status":"closed","ping_status":"closed","template":"","meta":{"footnotes":""},"class_list":["post-2","page","type-page","status-publish","hentry"],"_links":{"self":[{"href":"https:\/\/gkimmo.at\/en\/wp-json\/wp\/v2\/pages\/2","targetHints":{"allow":["GET"]}}],"collection":[{"href":"https:\/\/gkimmo.at\/en\/wp-json\/wp\/v2\/pages"}],"about":[{"href":"https:\/\/gkimmo.at\/en\/wp-json\/wp\/v2\/types\/page"}],"author":[{"embeddable":true,"href":"https:\/\/gkimmo.at\/en\/wp-json\/wp\/v2\/users\/1"}],"replies":[{"embeddable":true,"href":"https:\/\/gkimmo.at\/en\/wp-json\/wp\/v2\/comments?post=2"}],"version-history":[{"count":41,"href":"https:\/\/gkimmo.at\/en\/wp-json\/wp\/v2\/pages\/2\/revisions"}],"predecessor-version":[{"id":161,"href":"https:\/\/gkimmo.at\/en\/wp-json\/wp\/v2\/pages\/2\/revisions\/161"}],"wp:attachment":[{"href":"https:\/\/gkimmo.at\/en\/wp-json\/wp\/v2\/media?parent=2"}],"curies":[{"name":"wp","href":"https:\/\/api.w.org\/{rel}","templated":true}]}}